{"id":1015,"date":"2022-02-24T08:48:42","date_gmt":"2022-02-24T08:48:42","guid":{"rendered":"https:\/\/segelerlebnis-akademie.at\/?page_id=1015"},"modified":"2024-12-10T14:35:53","modified_gmt":"2024-12-10T14:35:53","slug":"impressum","status":"publish","type":"page","link":"https:\/\/segelerlebnis-akademie.at\/en\/impressum\/","title":{"rendered":"Legal Notice"},"content":{"rendered":"<p>[et_pb_section fb_built=&#8221;1&#8243; _builder_version=&#8221;4.16&#8243; _module_preset=&#8221;default&#8221; global_colors_info=&#8221;{}&#8221;][et_pb_row column_structure=&#8221;1_3,2_3&#8243; _builder_version=&#8221;4.16&#8243; _module_preset=&#8221;default&#8221; global_colors_info=&#8221;{}&#8221;][et_pb_column type=&#8221;1_3&#8243; _builder_version=&#8221;4.16&#8243; _module_preset=&#8221;default&#8221; global_colors_info=&#8221;{}&#8221;][et_pb_image src=&#8221;https:\/\/segelerlebnis-akademie.at\/wp-content\/uploads\/2020\/09\/IMG_8469.jpg&#8221; title_text=&#8221;IMG_8469&#8243; _builder_version=&#8221;4.16&#8243; _module_preset=&#8221;default&#8221; global_colors_info=&#8221;{}&#8221;][\/et_pb_image][\/et_pb_column][et_pb_column type=&#8221;2_3&#8243; _builder_version=&#8221;4.16&#8243; _module_preset=&#8221;default&#8221; global_colors_info=&#8221;{}&#8221;][et_pb_blurb use_icon=&#8221;on&#8221; _builder_version=&#8221;4.25.2&#8243; _module_preset=&#8221;default&#8221; header_level=&#8221;h1&#8243; custom_margin=&#8221;||||false|false&#8221; custom_padding=&#8221;10px||10px||true|false&#8221; hover_enabled=&#8221;0&#8243; border_width_all=&#8221;8px&#8221; border_color_top=&#8221;#7e0c2d&#8221; border_width_right=&#8221;0px&#8221; border_color_right=&#8221;#788594&#8243; border_width_bottom=&#8221;0px&#8221; border_color_bottom=&#8221;#788594&#8243; border_color_left=&#8221;#7e0c2d&#8221; global_colors_info=&#8221;{}&#8221; sticky_enabled=&#8221;0&#8243;]<\/p>\n<h3><\/h3>\n<div id=\"pg-913-1\" class=\"panel-grid panel-no-style\">\n<div id=\"pgc-913-1-0\" class=\"panel-grid-cell\">\n<div id=\"panel-913-1-0-0\" class=\"so-panel widget widget_black-studio-tinymce widget_black_studio_tinymce panel-first-child panel-last-child\" data-index=\"1\">\n<div class=\"textwidget\">\n<h2 style=\"text-align: center;\"><span class=\"impressum-text\"><strong> Impressum &amp; Datenschutzerkl\u00e4rung<br \/><\/strong><\/span><\/h2>\n<div class=\"et_pb_row et_pb_row_1\">\n<div class=\"et_pb_column et_pb_column_4_4 et_pb_column_1  et_pb_css_mix_blend_mode_passthrough et-last-child\">\n<div class=\"et_pb_module et_pb_blurb et_pb_blurb_0  et_pb_text_align_left  et_pb_blurb_position_top et_pb_bg_layout_light\">\n<div class=\"et_pb_blurb_content\">\n<div class=\"et_pb_blurb_container\">\n<div class=\"et_pb_blurb_description\">\n<p style=\"text-align: center;\"><strong>Company Name:<\/strong> Karin Pfliegler \u2013 Concert &amp; Cultural Tours<\/p>\n<p style=\"text-align: center;\">Concert-Tours.eu (<a href=\"http:\/\/www.karinpfliegler-concert-tours.eu\" target=\"_blank\" rel=\"noopener\">www.karinpfliegler-concert-tours.eu<\/a>)<\/p>\n<p style=\"text-align: center;\">Additional divisions of Karin Pflieger travel agency are:<br \/>Segelerlebnis (<a href=\"http:\/\/www.segelerlebnis.at\" target=\"_blank\" rel=\"noopener\">www.segelerlebnis.at<\/a>) and Yachtcharter (<a href=\"http:\/\/www.GeraldMayr-Yachtcharter.com\" target=\"_blank\" rel=\"noopener\">www.GeraldMayr-Yachtcharter.com<\/a>)<\/p>\n<p style=\"text-align: center;\"><strong>Address: <\/strong>Santnergasse 45 a | 5020 Salzburg, Austria<br \/><strong><\/strong><a href=\"https:\/\/firmen.wko.at\/karin-pfliegler\/salzburg\/?firmaid=2a6a8740-c2a3-4fa6-b2b8-33975445f1a4\" target=\"_blank\" rel=\"noopener\"><\/a><\/p>\n<\/div>\n<\/div>\n<\/div>\n<\/div>\n<\/div>\n<\/div>\n<p style=\"text-align: center;\">\n<\/div>\n<\/div>\n<\/div>\n<\/div>\n<p>&nbsp;<\/p>\n<p>[\/et_pb_blurb][et_pb_icon font_icon=&#8221;&#xf879;||fa||900&#8243; _builder_version=&#8221;4.25.2&#8243; _module_preset=&#8221;default&#8221; global_colors_info=&#8221;{}&#8221;][\/et_pb_icon][et_pb_text _builder_version=&#8221;4.25.2&#8243; _module_preset=&#8221;default&#8221; global_colors_info=&#8221;{}&#8221;]<\/p>\n<p><strong>Phone \u2013 Concerts :<\/strong> +43 664 4624022<\/p>\n<p><strong>Phone \u2013 Yachtcharter &amp; Sailing : +<\/strong>43 664 1231455<\/p>\n<p>[\/et_pb_text][et_pb_icon font_icon=&#8221;&#xf0e0;||fa||400&#8243; _builder_version=&#8221;4.25.2&#8243; _module_preset=&#8221;default&#8221; global_colors_info=&#8221;{}&#8221;][\/et_pb_icon][et_pb_text _builder_version=&#8221;4.25.2&#8243; _module_preset=&#8221;default&#8221; global_colors_info=&#8221;{}&#8221;]<\/p>\n<p><strong>E-Mails Concerts:<\/strong> <a href=\"mailto:office@karinpfliegler-concert-tours.eu\">office@karinpfliegler-concert-tours.eu<\/a>;\u00a0 <a href=\"mailto:ppperforming@gmail.com\">ppperforming@gmail.com<\/a><\/p>\n<p><strong>E-Mails Concerts: Yachtcharter &amp; Sailing:<\/strong> <a href=\"mailto:office@geraldmayr-yachtcharter.com\">office@geraldmayr-yachtcharter.com<\/a>; <a href=\"mailto:mein@segelerlebnis.at\">mein@segelerlebnis.at<\/a><\/p>\n<p>[\/et_pb_text][et_pb_icon font_icon=&#8221;&#xf66f;||fa||900&#8243; _builder_version=&#8221;4.25.2&#8243; _module_preset=&#8221;default&#8221; border_color_right=&#8221;#788594&#8243; global_colors_info=&#8221;{}&#8221;][\/et_pb_icon][et_pb_text _builder_version=&#8221;4.25.2&#8243; _module_preset=&#8221;default&#8221; hover_enabled=&#8221;0&#8243; border_width_right=&#8221;8px&#8221; border_color_right=&#8221;#7e0c2d&#8221; border_width_bottom=&#8221;8px&#8221; border_color_bottom=&#8221;#7e0c2d&#8221; global_colors_info=&#8221;{}&#8221; sticky_enabled=&#8221;0&#8243;]<\/p>\n<p><strong>Company court: <\/strong>Landesgericht Salzburg<\/p>\n<p><strong>Media owner and responsible for the content:<\/strong>\u00a0Karin Sophie Pfliegler, Gerald Mayr<\/p>\n<p><strong>Authority according to ECG (e-commerce law): <\/strong>Magistrat Salzburg<\/p>\n<p><strong>Permissions upright for:<\/strong> travel agencies with full authorization scope<\/p>\n<p><strong>UID Nr.VAT UID<\/strong> ATU56442157.<\/p>\n<p><strong>Professional branch:<\/strong> travel agencies with full scope of authorization<\/p>\n<p><a href=\"https:\/\/firmen.wko.at\/karin-pfliegler\/salzburg\/?firmaid=2a6a8740-c2a3-4fa6-b2b8-33975445f1a4\" target=\"_blank\" rel=\"noopener\">Member of the Salzburg Chamber of Commerce<\/a><\/p>\n<p>[\/et_pb_text][\/et_pb_column][\/et_pb_row][et_pb_row column_structure=&#8221;1_3,2_3&#8243; _builder_version=&#8221;4.16&#8243; _module_preset=&#8221;default&#8221; global_colors_info=&#8221;{}&#8221;][et_pb_column type=&#8221;1_3&#8243; _builder_version=&#8221;4.16&#8243; _module_preset=&#8221;default&#8221; global_colors_info=&#8221;{}&#8221;][et_pb_image src=&#8221;https:\/\/segelerlebnis-akademie.at\/wp-content\/uploads\/2022\/02\/paragraph-gddfa20b1a_1920.jpg&#8221; title_text=&#8221;paragraph-gddfa20b1a_1920&#8243; _builder_version=&#8221;4.16&#8243; _module_preset=&#8221;default&#8221; global_colors_info=&#8221;{}&#8221;][\/et_pb_image][et_pb_text _builder_version=&#8221;4.16&#8243; _module_preset=&#8221;default&#8221; global_colors_info=&#8221;{}&#8221;]<\/p>\n<h2>www.mayr-consulting.at<\/h2>\n<p>Pallenbergstrasse 35 A- 1130 Wien<br \/>office@mayr-consulting.at<br \/>+43 (0) 664\/123 1455<\/p>\n<p>UID: ATU67662326<\/p>\n<p>[\/et_pb_text][et_pb_toggle title=&#8221;Nationale Datenschutzbeh\u00f6rde&#8221; _builder_version=&#8221;4.16&#8243; _module_preset=&#8221;default&#8221; global_colors_info=&#8221;{}&#8221;]<\/p>\n<p><a href=\"http:\/\/www.dsb.gv.at\/\" target=\"_blank\" rel=\"noopener\">www.dsb.gv.at<\/a><br \/>\u00d6sterreichische Datenschutzbeh\u00f6rde<br \/>Wickenburggasse 8-10<br \/>Tel: +43 (01)-52252-2569, E-Mail: <a href=\"mailto:dsb@dsb.gv.at\">dsb@dsb.gv.at<\/a><br \/>1080 Wien<\/p>\n<p>[\/et_pb_toggle][\/et_pb_column][et_pb_column type=&#8221;2_3&#8243; _builder_version=&#8221;4.16&#8243; _module_preset=&#8221;default&#8221; global_colors_info=&#8221;{}&#8221;][et_pb_blurb use_icon=&#8221;on&#8221; _builder_version=&#8221;4.16&#8243; _module_preset=&#8221;default&#8221; header_level=&#8221;h1&#8243; custom_margin=&#8221;||||false|false&#8221; custom_padding=&#8221;10px||10px||true|false&#8221; border_width_all=&#8221;8px&#8221; border_color_top=&#8221;#788594&#8243; border_color_right=&#8221;#fcc56f&#8221; border_color_bottom=&#8221;#fcc56f&#8221; border_color_left=&#8221;#788594&#8243; global_colors_info=&#8221;{}&#8221;]<\/p>\n<h3><\/h3>\n<div id=\"pg-913-1\" class=\"panel-grid panel-no-style\">\n<div id=\"pgc-913-1-0\" class=\"panel-grid-cell\">\n<div id=\"panel-913-1-0-0\" class=\"so-panel widget widget_black-studio-tinymce widget_black_studio_tinymce panel-first-child panel-last-child\" data-index=\"1\">\n<div class=\"textwidget\"><\/div>\n<\/div>\n<\/div>\n<\/div>\n<div class=\"fl-col fl-node-58a44a17d5547\" data-node=\"58a44a17d5547\">\n<div class=\"fl-col-content fl-node-content\">\n<div class=\"fl-module fl-module-rich-text fl-node-58a44a2de8825\" data-node=\"58a44a2de8825\">\n<div class=\"fl-module-content fl-node-content\">\n<div class=\"fl-rich-text\">\n<h2 style=\"text-align: center;\">Datenschutz &#8211; Personenbezogene Daten<br \/>(EU-DSGVO)<\/h2>\n<p>Personenbezogene Daten sind Einzelangaben \u00fcber pers\u00f6nliche oder sachliche Verh\u00e4ltnisse einer bestimmten oder bestimmbaren nat\u00fcrlichen Person. Hierunter fallen insbesondere Angaben wie Ihr Name, Ihre Anschrift, Ihre Geburtsdaten oder Ihre Telefonnummer. Daten, die nicht unmittelbar mit Ihrer Identit\u00e4t in Verbindung gebracht werden k\u00f6nnen, gelten nicht als personenbezogene Daten.<\/p>\n<p>&nbsp;<\/p>\n<h2>Erhebung und Verarbeitung von personenbezogenen Daten<\/h2>\n<p>Wenn Sie unsere Website besuchen, speichern unsere Webserver \u2013 zum Zwecke der Systemsicherheit \u2013 standardm\u00e4\u00dfig bestimmte Daten. Hierbei handelt es sich um Ihre IP-Adresse, den Namen Ihres Internetserviceproviders, den Typ und die Version Ihrer Browser-Software, das Betriebssystem des Rechners, mit dem Sie auf unsere Website zugreifen, die Website, von der aus Sie uns besuchen, die Webseiten, die Sie bei uns besuchen, das Datum und die Dauer Ihres Besuchs und gegebenenfalls jene Suchw\u00f6rter, die Sie benutzt haben, um unsere Website aufzufinden. Diese Daten werden von uns lediglich f\u00fcr die Dauer Ihres Website-Besuchs gespeichert. Die aufgez\u00e4hlten Daten sind jedoch nicht dazu geeignet, bestimmte Besucher der Website zu individualisieren. Eine Auswertung derselben erfolgt ausschlie\u00dflich zu statistischen Zwecken, wobei der einzelne Nutzer anonym bleibt. Eine Zusammenf\u00fchrung dieser Daten mit anderen Datenquellen findet nicht statt. Werden in Zusammenhang mit der Speicherung und Auswertung dieser Daten externe Dienstleister herangezogen, werden technische und organisatorische Ma\u00dfnahmen ergriffen, die sicherstellen, dass die Weitergabe von Daten an diese externen Dienstleister im Einklang mit den gesetzlichen Bestimmungen erfolgt.<br \/>Dar\u00fcber hinaus werden keine personenbezogenen Daten erhoben, es sei denn, Sie haben sich freiwillig f\u00fcr die Eingabe solcher Daten entschieden oder ausdr\u00fccklich Ihr Einverst\u00e4ndnis erkl\u00e4rt (z.B. im Rahmen der Verwendung des Kontaktformulars oder bei der Anmeldung zum Newsletter). Wenn Sie uns von sich aus solche personenbezogenen Daten zur Verf\u00fcgung stellen, werden wir diese Daten ausschlie\u00dflich zum Zwecke der ordnungsgem\u00e4\u00dfen Vertragserf\u00fcllung bzw. innerhalb des von Ihnen durch die Einwilligungserkl\u00e4rung vorgegebenen Rahmens nutzen, verarbeiten oder weitergeben. Ansonsten geben wir Ihre Daten nur dann an Dritte weiter, wenn wir gesetzlich oder durch beh\u00f6rdliche bzw. gerichtliche Anordnungen dazu verpflichtet sind. Solche personenbezogenen Daten, in deren Speicherung Sie eingewilligt haben, werden nur f\u00fcr die Dauer unserer Vertragsbeziehung bzw. solange gespeichert, bis der Zweck der Datenverarbeitung erf\u00fcllt ist. Ihre Einwilligung in die betreffende Datenverarbeitung k\u00f6nnen Sie jederzeit widerrufen.<\/p>\n<p>&nbsp;<\/p>\n<h2>Newsletter<\/h2>\n<p>Im Falle der Registrierung zu unserem Newsletter werden \u2013 zum Zwecke der Sicherstellung, dass der Inhaber der angegebenen E-Mail-Adresse tats\u00e4chlich mit der Zusendung des Newsletters einverstanden ist \u2013 Ihre IP-Adresse und das Datum Ihrer Anmeldung gespeichert. Diese Daten werden an bei unserem Auftragsverarbeiter die EDIS EDIS GmbH Hauptplatz 3, 8010 Graz, gespeichert. Ihre Einwilligung zur Speicherung der angef\u00fchrten Daten k\u00f6nnen Sie jederzeit mittels des in jedem Newsletter befindlichen Links widerrufen.<\/p>\n<p>Wir halten jedenfalls bei jeglicher Verarbeitung personenbezogener Daten s\u00e4mtliche gesetzlichen Bestimmungen ein, insbesondere das Datenschutz- und das Telekommunikationsgesetz.<\/p>\n<p>&nbsp;<\/p>\n<h2>Sicherheit<\/h2>\n<p>Wir werden Ihre Daten sicher aufbewahren und alle Vorsichtsma\u00dfnahmen treffen, um Ihre Daten vor Verlust, Missbrauch oder \u00c4nderungen zu sch\u00fctzen. Aus diesem Grund werden Ihre Daten in einer sicheren Betriebsumgebung gespeichert, die der \u00d6ffentlichkeit nicht zug\u00e4nglich ist. Zudem werden Ihre personenbezogenen Daten bei der \u00dcbermittlung durch die sogenannte Secure Socket Layer-Technologie (SSL) verschl\u00fcsselt. Dies bedeutet, dass die Kommunikation zwischen Ihrem Computer und unseren Servern unter Einsatz eines anerkannten Verschl\u00fcsselungsverfahrens erfolgt, sofern der von Ihnen verwendete Browser dieses Verfahren unterst\u00fctzt.<\/p>\n<p>&nbsp;<\/p>\n<h2>Cookies<\/h2>\n<p>\u201eCookies\u201c sind kleine Dateien, die es uns erm\u00f6glichen, auf Ihrem PC bzw. sonstigem digitalen Endger\u00e4t spezifische, auf Sie, den Nutzer, bezogene Informationen zu speichern, w\u00e4hrend Sie eine unserer Webseiten besuchen. Unsere Website verwendet bzw. setzt Cookies in jedem Falle nur in \u00dcbereinstimmung mit den einschl\u00e4gigen gesetzlichen Bestimmungen.<br \/>Cookies helfen uns dabei, die Nutzungsh\u00e4ufigkeit und die Anzahl der Nutzer unserer Website zu ermitteln sowie unser Angebote f\u00fcr Sie m\u00f6glichst komfortabel und effizient zu gestalten.<br \/>Bei der Verwendung bzw. Setzung von Cookies, welche personenbezogene Daten beinhalten bzw. die Privatsph\u00e4re ber\u00fchren, holen wir vorab Ihre Zustimmung ein, und zwar \u00fcber Ihr aktives Verhalten, indem Sie nach Mitteilung \u00fcber die Verwendung von Cookies auf dieser Website durch den \u201eCookie-Banner\u201c weiternavigieren und insofern Ihre Zustimmung zur Setzung von Cookies geben .<br \/>Stimmen Sie der Verwendung von Cookies nicht zu, k\u00f6nnen bestimmte Funktionen auf dieser Website gegebenenfalls nicht richtig angezeigt oder ausgef\u00fchrt werden. Dies kann Ihre Nutzungsm\u00f6glichkeiten dieser Website einschr\u00e4nken und sich nachteilig auf das Erscheinungsbild und Ihre Nutzererfahrung auswirken.<br \/>Sie haben die M\u00f6glichkeit in Ihrem Browser das Speichern von Cookies zu deaktivieren, auf bestimmte Websites zu beschr\u00e4nken oder Ihren Browser so einzustellen, dass er sie unverz\u00fcglich benachrichtigt, sobald ein Cookie gesendet wird. Sie k\u00f6nnen Cookies auch jederzeit von der Festplatte Ihres PCs l\u00f6schen. Bitte beachten Sie aber, dass Sie in diesem Falle mit einer eingeschr\u00e4nkten Darstellung dieser Website und mit einer eingeschr\u00e4nkten Benutzerf\u00fchrung rechnen m\u00fcssen.<\/p>\n<p>&nbsp;<\/p>\n<h2>Google Analytics<\/h2>\n<p>Diese Website benutzt Google Analytics, einen Webanalysedienst der Google Inc. (\u201eGoogle\u201c). Google Analytics verwendet Cookies (siehe Beschreibung oben), die eine Analyse der Benutzung der Website durch Sie erm\u00f6glichen. Die durch diese Cookies erzeugten Informationen \u00fcber Ihr Nutzerverhalten (einschlie\u00dflich Ihrer IP-Adresse) werden grunds\u00e4tzlich an einen Google-Server in den USA \u00fcbertragen und dort gespeichert. Wir weisen jedoch darauf hin, dass der Code von Google Analytics auf unserer Website um eine Funktion erweitert wurde (\u201egat._anonymizelp();\u201c), die eine anonymisierte Erfassung von IP-Adressen (sog. IP-Masking) gew\u00e4hrleistet. Ihre IP-Adresse wird daher \u2013 auf unsere Veranlassung hin \u2013 lediglich in gek\u00fcrzter Form an die Google-Server in den USA \u00fcbermittelt, sodass eine Anonymisierung gew\u00e4hrleistet ist und keine R\u00fcckschl\u00fcsse auf Ihre Identit\u00e4t m\u00f6glich sind. Nur in Ausnahmef\u00e4llen wird die volle IP-Adresse an einen Google-Server in den USA \u00fcbertragen und erst dort gek\u00fcrzt.<br \/>Google wird die genannten Informationen dazu verwenden, Ihre Nutzung unserer Website auszuwerten, um Reports \u00fcber die Websiteaktivit\u00e4ten der Nutzer f\u00fcr uns zusammenzustellen und um weitere mit der Nutzung der Website und des Internets verbundene Dienstleistungen f\u00fcr uns zu erbringen. Die im Rahmen von Google Analytics von Ihrem Browser \u00fcbermittelte IP-Adresse wird nicht mit anderen Daten von Google zusammengef\u00fchrt. Eine \u00dcbertragung dieser Daten durch Google an Dritte findet nur aufgrund gesetzlicher Vorschriften oder im Rahmen der Auftragsdaten-verarbeitung statt.<br \/>Durch die Nutzung dieser Website erkl\u00e4ren Sie sich mit der Bearbeitung der \u00fcber Sie erhobenen Daten durch Google und der zuvor beschriebenen Art und Weise der Datenverarbeitung sowie dem benannten Zweck einverstanden.<br \/>Sie k\u00f6nnen die Speicherung der Cookies durch eine entsprechende Einstellung Ihrer Browser-Software verhindern; wir weisen Sie jedoch darauf hin, dass Sie in diesem Falle gegebenenfalls nicht s\u00e4mtliche Funktionen dieser Website vollumf\u00e4nglich nutzen k\u00f6nnen. Sie k\u00f6nnen dar\u00fcber hinaus die Erfassung der durch das Cookie erzeugten und auf Ihre Nutzung der Website bezogenen Daten (einschlie\u00dflich Ihrer IP-Adresse) an Google sowie die Verarbeitung dieser Daten durch Google verhindern, indem Sie auf folgende Verkn\u00fcpfung klicken und das betreffende Browser-Plugin herunterladen und installieren. Es wird sodann ein \u201eOpt-Out\u201c-Cookie gesetzt, das die zuk\u00fcnftige Erfassung Ihrer Daten beim Besuch dieser Website verhindert, solange dieses Cookie nicht gel\u00f6scht wird.<\/p>\n<p>&nbsp;<\/p>\n<h2>Auskunfts- und L\u00f6schungsrecht<\/h2>\n<p>Sie haben ein Recht auf unentgeltliche Auskunft \u00fcber Ihre bei uns gespeicherten personenbezogenen Daten, deren Herkunft und Empf\u00e4nger sowie \u00fcber den Zweck der Datenverarbeitung. Zudem haben Sie ein Recht auf Berichtigung, Einschr\u00e4nkung der Verarbeitung, Daten\u00fcbertragbarkeit und L\u00f6schung dieser personenbezogenen Daten. Sollten Sie hiezu Fragen haben oder ein solches Recht aus\u00fcben wollen, k\u00f6nnen Sie sich jederzeit \u00fcber office@mayr-consulting.at an uns wenden. Ebenso steht Ihnen die M\u00f6glichkeit offen, eine Beschwerde bei der \u00f6sterreichischen Datenschutzbeh\u00f6rde einzubringen (n\u00e4here Informationen hiezu finden Sie unter www.dsb.gv.at).<\/p>\n<p>&nbsp;<\/p>\n<h2>\u00c4nderung dieser Datenschutzerkl\u00e4rung<\/h2>\n<p>Da diese Hinweise die jeweils aktuelle Rechtslage widerspiegeln, behalten wir uns das Recht vor, diese Datenschutzerkl\u00e4rung entsprechend zu \u00e4ndern. Durch die fortgesetzte Nutzung dieser Website bzw. durch Aufrechterhaltung einer Gesch\u00e4ftsbeziehung erkl\u00e4ren Sie sich mit diesen Datenschutzbestimmungen und deren Aktualit\u00e4t einverstanden.<\/p>\n<\/div>\n<\/div>\n<\/div>\n<\/div>\n<\/div>\n<p>[\/et_pb_blurb][\/et_pb_column][\/et_pb_row][\/et_pb_section]<\/p>\n","protected":false},"excerpt":{"rendered":"<p>Impressum &amp; Datenschutzerkl\u00e4rung Company Name: Karin Pfliegler \u2013 Concert &amp; Cultural Tours Concert-Tours.eu (www.karinpfliegler-concert-tours.eu) Additional divisions of Karin Pflieger travel agency are:Segelerlebnis (www.segelerlebnis.at) and Yachtcharter (www.GeraldMayr-Yachtcharter.com) Address: Santnergasse 45 a [&hellip;]<\/p>\n","protected":false},"author":2,"featured_media":0,"parent":0,"menu_order":0,"comment_status":"closed","ping_status":"closed","template":"","meta":{"_et_pb_use_builder":"on","_et_pb_old_content":"","_et_gb_content_width":"","footnotes":""},"class_list":["post-1015","page","type-page","status-publish","hentry"],"_links":{"self":[{"href":"https:\/\/segelerlebnis-akademie.at\/en\/wp-json\/wp\/v2\/pages\/1015","targetHints":{"allow":["GET"]}}],"collection":[{"href":"https:\/\/segelerlebnis-akademie.at\/en\/wp-json\/wp\/v2\/pages"}],"about":[{"href":"https:\/\/segelerlebnis-akademie.at\/en\/wp-json\/wp\/v2\/types\/page"}],"author":[{"embeddable":true,"href":"https:\/\/segelerlebnis-akademie.at\/en\/wp-json\/wp\/v2\/users\/2"}],"replies":[{"embeddable":true,"href":"https:\/\/segelerlebnis-akademie.at\/en\/wp-json\/wp\/v2\/comments?post=1015"}],"version-history":[{"count":11,"href":"https:\/\/segelerlebnis-akademie.at\/en\/wp-json\/wp\/v2\/pages\/1015\/revisions"}],"predecessor-version":[{"id":27762,"href":"https:\/\/segelerlebnis-akademie.at\/en\/wp-json\/wp\/v2\/pages\/1015\/revisions\/27762"}],"wp:attachment":[{"href":"https:\/\/segelerlebnis-akademie.at\/en\/wp-json\/wp\/v2\/media?parent=1015"}],"curies":[{"name":"wp","href":"https:\/\/api.w.org\/{rel}","templated":true}]}}