{"id":1392,"date":"2022-11-25T13:41:22","date_gmt":"2022-11-25T13:41:22","guid":{"rendered":"https:\/\/segelerlebnis-akademie.at\/?page_id=1392"},"modified":"2024-12-07T10:30:24","modified_gmt":"2024-12-07T10:30:24","slug":"services","status":"publish","type":"page","link":"https:\/\/segelerlebnis-akademie.at\/en\/services\/","title":{"rendered":"Services at a glance"},"content":{"rendered":"<p>[et_pb_section fb_built=&#8221;1&#8243; custom_padding_last_edited=&#8221;off|desktop&#8221; admin_label=&#8221;Header&#8221; _builder_version=&#8221;4.19.1&#8243; use_background_color_gradient=&#8221;on&#8221; background_color_gradient_direction=&#8221;90deg&#8221; background_color_gradient_stops=&#8221;rgba(252,202,121,0.64) 50%|rgba(0,0,0,0) 50%&#8221; background_color_gradient_overlays_image=&#8221;on&#8221; background_color_gradient_start=&#8221;rgba(252,202,121,0.64)&#8221; background_color_gradient_start_position=&#8221;50%&#8221; background_color_gradient_end=&#8221;rgba(0,0,0,0)&#8221; background_color_gradient_end_position=&#8221;0%&#8221; background_image=&#8221;https:\/\/segelerlebnis-akademie.at\/wp-content\/uploads\/2022\/11\/Segelerlebnis_Services.png&#8221; custom_padding=&#8221;8vw||12vw||false|false&#8221; custom_padding_tablet=&#8221;||||false|false&#8221; custom_padding_phone=&#8221;||||false|false&#8221; locked=&#8221;off&#8221; global_colors_info=&#8221;{}&#8221;][et_pb_row column_structure=&#8221;1_2,1_2&#8243; make_equal=&#8221;on&#8221; _builder_version=&#8221;4.19.2&#8243; max_width=&#8221;1200px&#8221; custom_padding=&#8221;4%|0%|0px|4%|false|false&#8221; border_color_all=&#8221;#16252D&#8221; border_width_bottom=&#8221;8px&#8221; border_color_bottom=&#8221;#e7e8e8&#8243; border_width_left=&#8221;8px&#8221; border_color_left=&#8221;#e7e8e8&#8243; locked=&#8221;off&#8221; global_colors_info=&#8221;{}&#8221;][et_pb_column type=&#8221;1_2&#8243; _builder_version=&#8221;4.16&#8243; custom_padding=&#8221;||4%||false|false&#8221; global_colors_info=&#8221;{}&#8221;][et_pb_text _builder_version=&#8221;4.19.2&#8243; header_font=&#8221;Heebo|900||on|||||&#8221; header_text_color=&#8221;#e7e8e8&#8243; header_font_size=&#8221;60px&#8221; header_letter_spacing=&#8221;2px&#8221; header_line_height=&#8221;1.2em&#8221; background_layout=&#8221;dark&#8221; header_font_size_tablet=&#8221;40px&#8221; header_font_size_phone=&#8221;24px&#8221; header_font_size_last_edited=&#8221;on|phone&#8221; locked=&#8221;off&#8221; global_colors_info=&#8221;{}&#8221;]<\/p>\n<h1>Unsere<\/h1>\n<h1>Services im \u00dcberblick<\/h1>\n<p>[\/et_pb_text][\/et_pb_column][et_pb_column type=&#8221;1_2&#8243; _builder_version=&#8221;4.16&#8243; global_colors_info=&#8221;{}&#8221;][et_pb_button button_url=&#8221;@ET-DC@eyJkeW5hbWljIjp0cnVlLCJjb250ZW50IjoicG9zdF9saW5rX3VybF9wYWdlIiwic2V0dGluZ3MiOnsicG9zdF9pZCI6IjE1MSJ9fQ==@&#8221; button_text=&#8221;Deine Anfrage &#8230;&#8221; button_alignment=&#8221;right&#8221; _builder_version=&#8221;4.19.2&#8243; _dynamic_attributes=&#8221;button_url&#8221; custom_button=&#8221;on&#8221; button_text_size=&#8221;14px&#8221; button_text_color=&#8221;#ffffff&#8221; button_bg_color=&#8221;rgba(0,0,0,0)&#8221; button_border_width=&#8221;8px&#8221; button_border_color=&#8221;#e7e8e8&#8243; button_border_radius=&#8221;0px&#8221; button_letter_spacing=&#8221;5px&#8221; button_font=&#8221;|700||on|||||&#8221; positioning=&#8221;absolute&#8221; position_origin_a=&#8221;bottom_right&#8221; vertical_offset=&#8221;-8px&#8221; position_origin_a_tablet=&#8221;&#8221; position_origin_a_phone=&#8221;&#8221; position_origin_a_last_edited=&#8221;on|tablet&#8221; position_origin_f_tablet=&#8221;&#8221; position_origin_f_phone=&#8221;&#8221; position_origin_f_last_edited=&#8221;on|tablet&#8221; position_origin_r_tablet=&#8221;bottom_right&#8221; position_origin_r_phone=&#8221;&#8221; position_origin_r_last_edited=&#8221;on|tablet&#8221; custom_margin=&#8221;||||false|false&#8221; custom_margin_tablet=&#8221;|||0px|false|false&#8221; custom_margin_last_edited=&#8221;off|desktop&#8221; custom_padding=&#8221;20px|30px|20px|30px|true|true&#8221; positioning_tablet=&#8221;relative&#8221; positioning_phone=&#8221;&#8221; positioning_last_edited=&#8221;on|tablet&#8221; locked=&#8221;off&#8221; global_colors_info=&#8221;{}&#8221;][\/et_pb_button][\/et_pb_column][\/et_pb_row][\/et_pb_section][et_pb_section fb_built=&#8221;1&#8243; _builder_version=&#8221;4.16&#8243; _module_preset=&#8221;default&#8221; background_color=&#8221;#e4b644&#8243; custom_margin=&#8221;0px||0px||false|false&#8221; custom_padding=&#8221;0px||0px||true|false&#8221; global_colors_info=&#8221;{}&#8221;][et_pb_row column_structure=&#8221;2_3,1_3&#8243; _builder_version=&#8221;4.16&#8243; _module_preset=&#8221;default&#8221; global_colors_info=&#8221;{}&#8221;][et_pb_column type=&#8221;2_3&#8243; _builder_version=&#8221;4.16&#8243; _module_preset=&#8221;default&#8221; global_colors_info=&#8221;{}&#8221;][et_pb_blurb image=&#8221;https:\/\/segelerlebnis-akademie.at\/wp-content\/uploads\/2020\/09\/Seak_Text_red_grey.png&#8221; _builder_version=&#8221;4.25.2&#8243; _module_preset=&#8221;default&#8221; hover_enabled=&#8221;0&#8243; global_colors_info=&#8221;{}&#8221; sticky_enabled=&#8221;0&#8243;]<\/p>\n<div class=\"et_pb_header_content_wrapper\">\n<h2>Ausbildungen, Seminare, Workshops<\/h2>\n<p>Die Segelerlebnis-Akademie ist Partner des \u00f6sterreichischen Segelverbandes. Das garantiert h\u00f6chsten Ausbildungsstandard und Anerkennung auf internationaler Ebene.<\/p>\n<p>Unsere theoretischen Ausbildungen werden in Kleingruppen (4-8 Personen) in Bl\u00f6cken \u00fcber das Jahr verteilt in \u00d6sterreich (Raum Wien, Graz), der praktische Teil auf Yachten in Kroatien, Slowenien, Italien oder Griechenland durchgef\u00fchrt. Gerne stehen wir f\u00fcr individuelle Vereinbarungen wie z.B. Einzeltrainings zur Verf\u00fcgung.<\/p>\n<\/div>\n<p>[\/et_pb_blurb][\/et_pb_column][et_pb_column type=&#8221;1_3&#8243; _builder_version=&#8221;4.16&#8243; _module_preset=&#8221;default&#8221; global_colors_info=&#8221;{}&#8221;][et_pb_image src=&#8221;https:\/\/segelerlebnis-akademie.at\/wp-content\/uploads\/2020\/09\/Segelverband_Partner-e1669969989171.png&#8221; alt=&#8221;Segelerlebnis Services mit OeSV &#8221; title_text=&#8221;Segelerlebnis OeSV Partner&#8221; url=&#8221;https:\/\/www.segelverband.at\/de\/ausbildung\/ausbildungsstaetten&#8221; url_new_window=&#8221;on&#8221; _builder_version=&#8221;4.25.2&#8243; _module_preset=&#8221;default&#8221; hover_enabled=&#8221;0&#8243; global_colors_info=&#8221;{}&#8221; custom_margin=&#8221;20px||||false|false&#8221; sticky_enabled=&#8221;0&#8243;][\/et_pb_image][\/et_pb_column][\/et_pb_row][\/et_pb_section][et_pb_section fb_built=&#8221;1&#8243; admin_label=&#8221;Features&#8221; _builder_version=&#8221;4.16&#8243; locked=&#8221;off&#8221; global_colors_info=&#8221;{}&#8221;][et_pb_row column_structure=&#8221;1_3,1_3,1_3&#8243; use_custom_gutter=&#8221;on&#8221; gutter_width=&#8221;2&#8243; _builder_version=&#8221;4.19.0&#8243; custom_margin=&#8221;0vw||||false|false&#8221; custom_padding=&#8221;||0px|||&#8221; global_colors_info=&#8221;{}&#8221;][et_pb_column type=&#8221;1_3&#8243; _builder_version=&#8221;4.16&#8243; background_color=&#8221;#f4f4f5&#8243; custom_padding=&#8221;30px|30px|30px|30px|true|true&#8221; custom_padding_tablet=&#8221;30px|30px|30px|30px|true|true&#8221; custom_padding_phone=&#8221;20px|20px|20px|20px|true|true&#8221; custom_padding_last_edited=&#8221;on|phone&#8221; global_colors_info=&#8221;{}&#8221;][et_pb_blurb title=&#8221;Aus- Weiterbildungen&#8221; image=&#8221;@ET-DC@eyJkeW5hbWljIjp0cnVlLCJjb250ZW50Ijoic2l0ZV9sb2dvIiwic2V0dGluZ3MiOnt9fQ==@&#8221; icon_alignment=&#8221;left&#8221; content_max_width=&#8221;100%&#8221; _builder_version=&#8221;4.19.0&#8243; _dynamic_attributes=&#8221;image&#8221; header_level=&#8221;h3&#8243; header_font=&#8221;Heebo|900|||||||&#8221; header_font_size=&#8221;18px&#8221; header_line_height=&#8221;2em&#8221; body_line_height=&#8221;2em&#8221; locked=&#8221;off&#8221; global_colors_info=&#8221;{}&#8221;]<\/p>\n<ul>\n<li><span style=\"font-size: 14px;\">Binnenschein A (AT)<br \/><\/span><\/li>\n<li>Kroatisches K\u00fcstenpatent (HR)<\/li>\n<li>Fahrtenbereich 1 (K\u00fcsten, Fl\u00fcsse)<\/li>\n<li>Fahrtenbereich 2 (20 SM)<\/li>\n<li>Fahrtenbereich 3 (200 SM)<\/li>\n<li>RYA &#8211; SRC<\/li>\n<li>RYA &#8211; Competent Crew, Day Skipper<\/li>\n<\/ul>\n<p>[\/et_pb_blurb][et_pb_button button_url=&#8221;@ET-DC@eyJkeW5hbWljIjp0cnVlLCJjb250ZW50IjoicG9zdF9saW5rX3VybF9wYWdlIiwic2V0dGluZ3MiOnsicG9zdF9pZCI6IjIwMCJ9fQ==@&#8221; button_text=&#8221;Schiffspatente&#8221; button_alignment=&#8221;left&#8221; button_alignment_tablet=&#8221;left&#8221; button_alignment_last_edited=&#8221;off|phone&#8221; _builder_version=&#8221;4.16&#8243; _dynamic_attributes=&#8221;button_url&#8221; custom_button=&#8221;on&#8221; button_text_size=&#8221;12px&#8221; button_text_color=&#8221;#DE9E55&#8243; button_bg_color=&#8221;rgba(0,0,0,0)&#8221; button_border_width=&#8221;0px&#8221; button_border_radius=&#8221;0px&#8221; button_letter_spacing=&#8221;6px&#8221; button_font=&#8221;|700||on|||||&#8221; custom_margin=&#8221;||0px||false|false&#8221; custom_padding=&#8221;|||0px|false|false&#8221; locked=&#8221;off&#8221; global_colors_info=&#8221;{}&#8221;][\/et_pb_button][\/et_pb_column][et_pb_column type=&#8221;1_3&#8243; _builder_version=&#8221;4.16&#8243; background_color=&#8221;#f4f4f5&#8243; custom_padding=&#8221;30px|30px|30px|30px|true|true&#8221; custom_padding_tablet=&#8221;30px|30px|30px|30px|true|true&#8221; custom_padding_phone=&#8221;20px|20px|20px|20px|true|true&#8221; custom_padding_last_edited=&#8221;on|phone&#8221; global_colors_info=&#8221;{}&#8221;][et_pb_blurb title=&#8221;Exclusiv-Trainings, Mitsegeln&#8221; image=&#8221;https:\/\/segelerlebnis-akademie.at\/wp-content\/uploads\/2020\/09\/Seak_Text_red_grey-1024&#215;256.png&#8221; image_icon_width=&#8221;100%&#8221; content_max_width=&#8221;100%&#8221; _builder_version=&#8221;4.19.2&#8243; header_level=&#8221;h3&#8243; header_font=&#8221;Heebo|900|||||||&#8221; header_font_size=&#8221;18px&#8221; header_line_height=&#8221;2em&#8221; body_line_height=&#8221;2em&#8221; image_max_width=&#8221;25%&#8221; locked=&#8221;off&#8221; global_colors_info=&#8221;{}&#8221;]<\/p>\n<ul>\n<li>Meilent\u00f6rns, Fahrtensegeln<\/li>\n<li>Skipper-Trainings<\/li>\n<li>Skipper-Crew-Gennaker Trainings<\/li>\n<li>Skipper-Perfektion, Wiedereinsteiger<\/li>\n<li>Urlaubst\u00f6rns, Genuss-Segeln (Boot und Skipper)<\/li>\n<li>Jollen-Segeln (z.B. Neusiedlersee)<\/li>\n<\/ul>\n<p>[\/et_pb_blurb][et_pb_button button_url=&#8221;@ET-DC@eyJkeW5hbWljIjp0cnVlLCJjb250ZW50IjoicG9zdF9saW5rX3VybF9wYWdlIiwic2V0dGluZ3MiOnsicG9zdF9pZCI6IjE3MDIifX0=@&#8221; url_new_window=&#8221;on&#8221; button_text=&#8221;Private-Trainings&#8221; button_alignment=&#8221;left&#8221; _builder_version=&#8221;4.19.2&#8243; _dynamic_attributes=&#8221;button_url&#8221; custom_button=&#8221;on&#8221; button_text_size=&#8221;12px&#8221; button_text_color=&#8221;#DE9E55&#8243; button_bg_color=&#8221;rgba(0,0,0,0)&#8221; button_border_width=&#8221;0px&#8221; button_border_radius=&#8221;0px&#8221; button_letter_spacing=&#8221;6px&#8221; button_font=&#8221;|700||on|||||&#8221; custom_padding=&#8221;|||0px|false|false&#8221; locked=&#8221;off&#8221; global_colors_info=&#8221;{}&#8221;][\/et_pb_button][\/et_pb_column][et_pb_column type=&#8221;1_3&#8243; _builder_version=&#8221;4.16&#8243; background_color=&#8221;#f4f4f5&#8243; custom_padding=&#8221;30px|30px|30px|30px|true|true&#8221; custom_padding_tablet=&#8221;30px|30px|30px|30px|true|true&#8221; custom_padding_phone=&#8221;20px|20px|20px|20px|true|true&#8221; custom_padding_last_edited=&#8221;on|phone&#8221; global_colors_info=&#8221;{}&#8221;][et_pb_blurb title=&#8221;Leadership, Events &#8221; image=&#8221;https:\/\/segelerlebnis-akademie.at\/wp-content\/uploads\/2022\/11\/Mayr-Consulting_Neu-300&#215;122.png&#8221; image_icon_width=&#8221;75%&#8221; content_max_width=&#8221;100%&#8221; _builder_version=&#8221;4.19.1&#8243; header_level=&#8221;h3&#8243; header_font=&#8221;Heebo|900|||||||&#8221; header_font_size=&#8221;18px&#8221; header_line_height=&#8221;2em&#8221; body_line_height=&#8221;2em&#8221; locked=&#8221;off&#8221; global_colors_info=&#8221;{}&#8221;]<\/p>\n<ul>\n<li>Leadership &amp; Management Training<\/li>\n<li>Team- Mitarbeiterentwicklung<\/li>\n<li>Coaching und Konfliktmanagement<\/li>\n<li>Executive Sailing, Business Klausuren<\/li>\n<li>Unternehmensveranstaltungen, Incentive<\/li>\n<\/ul>\n<p>[\/et_pb_blurb][et_pb_button button_url=&#8221;@ET-DC@eyJkeW5hbWljIjp0cnVlLCJjb250ZW50IjoicG9zdF9saW5rX3VybF9wYWdlIiwic2V0dGluZ3MiOnsicG9zdF9pZCI6IjM5OSJ9fQ==@&#8221; button_text=&#8221;Leadership&#8221; button_alignment=&#8221;left&#8221; _builder_version=&#8221;4.19.1&#8243; _dynamic_attributes=&#8221;button_url&#8221; custom_button=&#8221;on&#8221; button_text_size=&#8221;12px&#8221; button_text_color=&#8221;#DE9E55&#8243; button_bg_color=&#8221;rgba(0,0,0,0)&#8221; button_border_width=&#8221;0px&#8221; button_border_radius=&#8221;0px&#8221; button_letter_spacing=&#8221;6px&#8221; button_font=&#8221;|700||on|||||&#8221; custom_padding=&#8221;|||0px|false|false&#8221; locked=&#8221;off&#8221; global_colors_info=&#8221;{}&#8221;][\/et_pb_button][\/et_pb_column][\/et_pb_row][\/et_pb_section][et_pb_section fb_built=&#8221;1&#8243; admin_label=&#8221;Industries&#8221; _builder_version=&#8221;4.16&#8243; custom_padding=&#8221;||0px|||&#8221; global_colors_info=&#8221;{}&#8221;][et_pb_row column_structure=&#8221;1_2,1_2&#8243; make_equal=&#8221;on&#8221; _builder_version=&#8221;4.16&#8243; max_width=&#8221;1200px&#8221; custom_padding=&#8221;4%|4%|4%|4%|true|true&#8221; border_width_top=&#8221;8px&#8221; border_color_top=&#8221;#FFE7AF&#8221; border_width_right=&#8221;8px&#8221; border_color_right=&#8221;#FFE7AF&#8221; border_width_left=&#8221;8px&#8221; border_color_left=&#8221;#FFE7AF&#8221; global_colors_info=&#8221;{}&#8221;][et_pb_column type=&#8221;1_2&#8243; _builder_version=&#8221;4.16&#8243; global_colors_info=&#8221;{}&#8221;][et_pb_text _builder_version=&#8221;4.19.0&#8243; text_font_size=&#8221;16px&#8221; text_line_height=&#8221;2em&#8221; header_2_font=&#8221;Heebo|900||on|||||&#8221; header_2_text_color=&#8221;#16252D&#8221; header_2_font_size=&#8221;40px&#8221; header_2_letter_spacing=&#8221;1px&#8221; header_2_line_height=&#8221;1.3em&#8221; max_width=&#8221;800px&#8221; custom_padding=&#8221;||||false|false&#8221; custom_padding_tablet=&#8221;|||0px|false|false&#8221; custom_padding_last_edited=&#8221;off|desktop&#8221; text_font_size_tablet=&#8221;14px&#8221; text_font_size_phone=&#8221;&#8221; text_font_size_last_edited=&#8221;on|phone&#8221; header_2_font_size_tablet=&#8221;30px&#8221; header_2_font_size_phone=&#8221;24px&#8221; header_2_font_size_last_edited=&#8221;on|phone&#8221; locked=&#8221;off&#8221; global_colors_info=&#8221;{}&#8221;]<\/p>\n<h2>Unsere Geschichte<\/h2>\n<p>Warum die Segelerlebnis Akademie enstand &#8230;.<\/p>\n<p>Die Abenteuer auf dem Wasser haben mich schon immer fasziniert. Als Kind lernte ich bereits sehr fr\u00fch schwimmen und zugleich kam die Lust auf Abenteuer am Wasser. Gestartet mit einem selbstgebastelten Floss folgten die ersten Fluss-Rafting Abenteuer. Danach ging es zu den Binnenseen, zur Adria, Mittelmeer zum Windsurfen, Motorbootfahren, zum Cat- und Jollensegeln und Schlussendlich zum Yachtsegeln.<\/p>\n<p>Bei meinen Studien- und Berufswegen lernte ich viel \u00fcber Organisations- Teamentwicklung, Coaching, Mediation uvm. All diese Erfahrungen setzen ich nahtlos bei meinen Segelt\u00f6rns mit Freunden und Firmen um.\u00a0 Dabei konnte ich sehr viel von meinen Segelpartnern und Crews lernen. Die R\u00fcckmeldungen feuerten meine Freude an. Eine Ausbildung folgfte der n\u00e4chste. Aktuell bin ich in die RYA Ausbildungsreihe.<\/p>\n<p>Nachdem ich mehrmals bei meinen Fahrtent\u00f6rns und Trainings gefragt, fast bedr\u00e4ngt wurde, ob ich nicht auch Ausbildungen, gemeinsam mit Coaching, Crew-\/Team- und F\u00fchrungsentwicklung anbieten k\u00f6nnte, lie\u00df mich der Gedanke nicht mehr los. Den Beruf mit den Hobbies zu verbinden, das w\u00e4re es.<\/p>\n<p>Ich bin \u00fcberzeugt davon, dass jeder der Freude an Wasser, Wind Welle findet Segeln lernen kann.<\/p>\n<h4><strong><em>Gerald Mayr, MBA MSc<\/em><\/strong><\/h4>\n<p>Eigent\u00fcmer von Segelerlebnis (Brand of Mayr-Consulting), Unternehmensberater, Coach und Mediator<br \/>RYA &#8211; Yachtmaster Offshore com. end., Cruising Instructor Sailing<br \/>IC FB3, UKW II, SRC<\/p>\n<p>[\/et_pb_text][\/et_pb_column][et_pb_column type=&#8221;1_2&#8243; _builder_version=&#8221;4.16&#8243; global_colors_info=&#8221;{}&#8221;][et_pb_image src=&#8221;https:\/\/segelerlebnis-akademie.at\/wp-content\/uploads\/2020\/09\/IMG_8469.jpg&#8221; title_text=&#8221;IMG_8469&#8243; _builder_version=&#8221;4.16&#8243; _module_preset=&#8221;default&#8221; global_colors_info=&#8221;{}&#8221;][\/et_pb_image][et_pb_image src=&#8221;https:\/\/segelerlebnis-akademie.at\/wp-content\/uploads\/2020\/09\/Businesssprint-24-scaled.jpg&#8221; title_text=&#8221;Segelerlebnis-Akademie Gerald Mayr&#8221; _builder_version=&#8221;4.16&#8243; _module_preset=&#8221;default&#8221; global_colors_info=&#8221;{}&#8221;][\/et_pb_image][et_pb_button button_url=&#8221;@ET-DC@eyJkeW5hbWljIjp0cnVlLCJjb250ZW50IjoicG9zdF9saW5rX3VybF9wYWdlIiwic2V0dGluZ3MiOnsicG9zdF9pZCI6IjE1MSJ9fQ==@&#8221; button_text=&#8221;Schreibe uns deine Geschichte&#8221; button_alignment=&#8221;left&#8221; _builder_version=&#8221;4.16&#8243; _dynamic_attributes=&#8221;button_url&#8221; custom_button=&#8221;on&#8221; button_text_size=&#8221;14px&#8221; button_text_color=&#8221;#ffffff&#8221; button_bg_color=&#8221;#333333&#8243; button_border_width=&#8221;0px&#8221; button_border_radius=&#8221;0px&#8221; button_letter_spacing=&#8221;5px&#8221; button_font=&#8221;|700||on|||||&#8221; custom_margin=&#8221;||-1px||false|false&#8221; custom_margin_tablet=&#8221;|||0px|false|false&#8221; custom_margin_last_edited=&#8221;off|desktop&#8221; custom_padding=&#8221;20px|30px|20px|30px|true|true&#8221; locked=&#8221;off&#8221; global_colors_info=&#8221;{}&#8221;][\/et_pb_button][\/et_pb_column][\/et_pb_row][\/et_pb_section][et_pb_section fb_built=&#8221;1&#8243; admin_label=&#8221;Contact&#8221; _builder_version=&#8221;4.16&#8243; background_color=&#8221;#f4f4f5&#8243; custom_padding=&#8221;0px||0px||true|false&#8221; border_color_all=&#8221;#1b123d&#8221; border_width_bottom=&#8221;8px&#8221; border_color_bottom=&#8221;#fcc56f&#8221; locked=&#8221;off&#8221; global_colors_info=&#8221;{}&#8221;][et_pb_row column_structure=&#8221;1_2,1_2&#8243; make_equal=&#8221;on&#8221; _builder_version=&#8221;4.16&#8243; custom_padding=&#8221;0px||0px||true|false&#8221; box_shadow_style=&#8221;preset4&#8243; box_shadow_horizontal=&#8221;-30vw&#8221; box_shadow_vertical=&#8221;0px&#8221; box_shadow_color=&#8221;#fcc56f&#8221; box_shadow_horizontal_tablet=&#8221;0vw&#8221; box_shadow_horizontal_phone=&#8221;&#8221; box_shadow_horizontal_last_edited=&#8221;on|desktop&#8221; global_colors_info=&#8221;{}&#8221;][et_pb_column type=&#8221;1_2&#8243; _builder_version=&#8221;4.16&#8243; background_color=&#8221;#FCC56F&#8221; custom_padding=&#8221;8%|20px|8%||true|false&#8221; custom_padding_tablet=&#8221;||||false|false&#8221; custom_padding_phone=&#8221;||||false|false&#8221; custom_padding_last_edited=&#8221;off|phone&#8221; box_shadow_style=&#8221;preset4&#8243; box_shadow_horizontal=&#8221;0px&#8221; box_shadow_vertical=&#8221;0px&#8221; box_shadow_color=&#8221;#fcc56f&#8221; box_shadow_horizontal_tablet=&#8221;-20vw&#8221; box_shadow_horizontal_phone=&#8221;-10vw&#8221; box_shadow_horizontal_last_edited=&#8221;on|tablet&#8221; global_colors_info=&#8221;{}&#8221;][et_pb_text _builder_version=&#8221;4.16&#8243; header_2_font=&#8221;Heebo|900||on|||||&#8221; header_2_font_size=&#8221;60px&#8221; header_2_letter_spacing=&#8221;2px&#8221; header_2_line_height=&#8221;1.3em&#8221; header_3_font=&#8221;Heebo|700||on|||||&#8221; header_3_font_size=&#8221;18px&#8221; header_3_letter_spacing=&#8221;4px&#8221; header_3_line_height=&#8221;1.3em&#8221; background_layout=&#8221;dark&#8221; max_width=&#8221;800px&#8221; custom_margin=&#8221;||0px||false|false&#8221; header_2_font_size_tablet=&#8221;40px&#8221; header_2_font_size_phone=&#8221;24px&#8221; header_2_font_size_last_edited=&#8221;on|desktop&#8221; header_3_font_size_tablet=&#8221;16px&#8221; header_3_font_size_phone=&#8221;14px&#8221; header_3_font_size_last_edited=&#8221;on|desktop&#8221; locked=&#8221;off&#8221; global_colors_info=&#8221;{}&#8221;]<\/p>\n<h2>Dein n\u00e4chster<\/h2>\n<h2>Schritt<\/h2>\n<p>[\/et_pb_text][et_pb_button button_url=&#8221;@ET-DC@eyJkeW5hbWljIjp0cnVlLCJjb250ZW50IjoicG9zdF9saW5rX3VybF9wYWdlIiwic2V0dGluZ3MiOnsicG9zdF9pZCI6IjE1MSJ9fQ==@&#8221; button_text=&#8221;Kontakt&#8221; button_alignment=&#8221;left&#8221; _builder_version=&#8221;4.16&#8243; _dynamic_attributes=&#8221;button_url&#8221; custom_button=&#8221;on&#8221; button_text_size=&#8221;14px&#8221; button_text_color=&#8221;#1b123d&#8221; button_bg_color=&#8221;#ffffff&#8221; button_border_width=&#8221;0px&#8221; button_border_radius=&#8221;0px&#8221; button_letter_spacing=&#8221;5px&#8221; button_font=&#8221;|700||on|||||&#8221; custom_margin=&#8221;||||false|false&#8221; custom_margin_tablet=&#8221;|||0px|false|false&#8221; custom_margin_last_edited=&#8221;off|desktop&#8221; custom_padding=&#8221;20px|30px|20px|30px|true|true&#8221; locked=&#8221;off&#8221; global_colors_info=&#8221;{}&#8221;][\/et_pb_button][\/et_pb_column][et_pb_column type=&#8221;1_2&#8243; _builder_version=&#8221;4.16&#8243; custom_padding=&#8221;8%||8%||true|false&#8221; custom_padding_tablet=&#8221;0px||||false|false&#8221; custom_padding_phone=&#8221;0px||50px||false|false&#8221; custom_padding_last_edited=&#8221;off|tablet&#8221; global_colors_info=&#8221;{}&#8221;][et_pb_video src=&#8221;https:\/\/youtu.be\/SP_fxwaA9Kg&#8221; _builder_version=&#8221;4.16&#8243; _module_preset=&#8221;default&#8221; global_colors_info=&#8221;{}&#8221;][\/et_pb_video][\/et_pb_column][\/et_pb_row][\/et_pb_section]<\/p>\n","protected":false},"excerpt":{"rendered":"<p>Unsere Services im \u00dcberblick Ausbildungen, Seminare, Workshops Die Segelerlebnis-Akademie ist Partner des \u00f6sterreichischen Segelverbandes. Das garantiert h\u00f6chsten Ausbildungsstandard und Anerkennung auf internationaler Ebene. Unsere theoretischen Ausbildungen werden in Kleingruppen (4-8 [&hellip;]<\/p>\n","protected":false},"author":2,"featured_media":0,"parent":0,"menu_order":0,"comment_status":"closed","ping_status":"closed","template":"","meta":{"_et_pb_use_builder":"on","_et_pb_old_content":"","_et_gb_content_width":"","footnotes":""},"class_list":["post-1392","page","type-page","status-publish","hentry"],"_links":{"self":[{"href":"https:\/\/segelerlebnis-akademie.at\/en\/wp-json\/wp\/v2\/pages\/1392","targetHints":{"allow":["GET"]}}],"collection":[{"href":"https:\/\/segelerlebnis-akademie.at\/en\/wp-json\/wp\/v2\/pages"}],"about":[{"href":"https:\/\/segelerlebnis-akademie.at\/en\/wp-json\/wp\/v2\/types\/page"}],"author":[{"embeddable":true,"href":"https:\/\/segelerlebnis-akademie.at\/en\/wp-json\/wp\/v2\/users\/2"}],"replies":[{"embeddable":true,"href":"https:\/\/segelerlebnis-akademie.at\/en\/wp-json\/wp\/v2\/comments?post=1392"}],"version-history":[{"count":20,"href":"https:\/\/segelerlebnis-akademie.at\/en\/wp-json\/wp\/v2\/pages\/1392\/revisions"}],"predecessor-version":[{"id":2941,"href":"https:\/\/segelerlebnis-akademie.at\/en\/wp-json\/wp\/v2\/pages\/1392\/revisions\/2941"}],"wp:attachment":[{"href":"https:\/\/segelerlebnis-akademie.at\/en\/wp-json\/wp\/v2\/media?parent=1392"}],"curies":[{"name":"wp","href":"https:\/\/api.w.org\/{rel}","templated":true}]}}