{"id":1922,"date":"2023-11-21T15:11:04","date_gmt":"2023-11-21T15:11:04","guid":{"rendered":"https:\/\/segelerlebnis-akademie.at\/?page_id=1922"},"modified":"2023-11-21T15:15:14","modified_gmt":"2023-11-21T15:15:14","slug":"agb","status":"publish","type":"page","link":"https:\/\/segelerlebnis-akademie.at\/en\/agb\/","title":{"rendered":"AGB"},"content":{"rendered":"<p>[et_pb_section fb_built=&#8221;1&#8243; _builder_version=&#8221;4.16&#8243; _module_preset=&#8221;default&#8221; global_colors_info=&#8221;{}&#8221;][et_pb_row column_structure=&#8221;1_3,2_3&#8243; _builder_version=&#8221;4.23.1&#8243; _module_preset=&#8221;default&#8221; hover_enabled=&#8221;0&#8243; global_colors_info=&#8221;{}&#8221; sticky_enabled=&#8221;0&#8243;][et_pb_column type=&#8221;1_3&#8243; _builder_version=&#8221;4.16&#8243; _module_preset=&#8221;default&#8221; global_colors_info=&#8221;{}&#8221;][et_pb_image src=&#8221;https:\/\/segelerlebnis-akademie.at\/wp-content\/uploads\/2020\/09\/Segelerlebnis_Segelcoach.jpg&#8221; title_text=&#8221;Segelerlebnis_Akademie Mayr Gerald&#8221; _builder_version=&#8221;4.23.1&#8243; _module_preset=&#8221;default&#8221; hover_enabled=&#8221;0&#8243; global_colors_info=&#8221;{}&#8221; sticky_enabled=&#8221;0&#8243;][\/et_pb_image][et_pb_text _builder_version=&#8221;4.23.1&#8243; _module_preset=&#8221;default&#8221; hover_enabled=&#8221;0&#8243; sticky_enabled=&#8221;0&#8243;][\/et_pb_text][et_pb_text _builder_version=&#8221;4.23.1&#8243; _module_preset=&#8221;default&#8221; hover_enabled=&#8221;0&#8243; sticky_enabled=&#8221;0&#8243;]<\/p>\n<p><strong>Gerald Mayr, MBA, MSc<br \/><\/strong><strong>RYA Yacht Master Offshore com.end.<br \/>RYA Cruising Instructor for Sail<br \/>Ausbildungsunternehmen des \u00d6sterrereichsichen Segelverbandes <br \/><\/strong><\/p>\n<p>Pallenbergstrasse 35 A- 1130 Wien<br \/>office@mayr-consulting.at<br \/>+43 (0) 664\/123 1455<\/p>\n<p>UID: ATU67662326<\/p>\n<p>[\/et_pb_text][\/et_pb_column][et_pb_column type=&#8221;2_3&#8243; _builder_version=&#8221;4.16&#8243; _module_preset=&#8221;default&#8221; global_colors_info=&#8221;{}&#8221;][et_pb_blurb use_icon=&#8221;on&#8221; _builder_version=&#8221;4.23.1&#8243; _module_preset=&#8221;default&#8221; header_level=&#8221;h1&#8243; custom_margin=&#8221;||||false|false&#8221; custom_padding=&#8221;10px||10px||true|false&#8221; hover_enabled=&#8221;0&#8243; border_width_all=&#8221;8px&#8221; border_color_top=&#8221;#fcc56f&#8221; border_color_right=&#8221;#788594&#8243; border_color_bottom=&#8221;#788594&#8243; border_color_left=&#8221;#fcc56f&#8221; global_colors_info=&#8221;{}&#8221; sticky_enabled=&#8221;0&#8243;]<\/p>\n<h3><\/h3>\n<div id=\"pg-913-1\" class=\"panel-grid panel-no-style\">\n<div id=\"pgc-913-1-0\" class=\"panel-grid-cell\">\n<div id=\"panel-913-1-0-0\" class=\"so-panel widget widget_black-studio-tinymce widget_black_studio_tinymce panel-first-child panel-last-child\" data-index=\"1\">\n<div class=\"textwidget\">\n<h2 style=\"text-align: center;\"><span class=\"impressum-text\"><strong>AGB &#8211; Segelerlebnis<br \/><\/strong><\/span><\/h2>\n<p><span class=\"impressum-text\"><strong><\/strong><\/span><\/p>\n<\/div>\n<\/div>\n<\/div>\n<\/div>\n<p><strong>Bedingungen <\/strong><\/p>\n<ol>\n<li>Mit Buchung (schriftlich, per E-Mail oder Onlineformular) entsteht f\u00fcr den Kunden Verbindlichkeit.<\/li>\n<li>Durch die Best\u00e4tigung (schriftlich oder per E-Mail) entsteht f\u00fcr Verbindlichkeit, sofern der Kunde die Anzahlung innerhalb der vereinbarten Frist geleistet hat.<\/li>\n<li>Die Teilnehmer der Veranstaltung sind verpflichtet, gesundheitsbedingte bzw. k\u00f6rperliche Einschr\u00e4nkungen bei der Buchung bzw. unmittelbar bei Bekanntwerden, jedoch vor der Veranstaltung bekanntzugeben.<\/li>\n<li>Die Inhalte der Veranstaltungen entsprechen den Beschreibungen auf der Website von Segelerlebnis bzw. den individuellen, schriftlichen Vereinbarungen.<\/li>\n<li>Die Kunden f\u00fcllen wahrheitsgetreu die von Segelerlebnis zugesandten Formulare aus, und senden sie unterschrieben per Post oder E-Mail, innerhalb der vereinbarten Zeitraums zur\u00fcck.<\/li>\n<li>Der Veranstalter beh\u00e4lt sich notwendige \u00c4nderungen der Veranstaltungen auf Grund ung\u00fcnstiger Witterungsbedingungen und \/ oder anderer seem\u00e4nnischer Gr\u00fcnde vor und h\u00e4lt sich schadlos.<\/li>\n<li>Der Veranstalter bem\u00fcht sich um ad\u00e4quaten Ersatz.<\/li>\n<li>Der Skipper beh\u00e4lt sich vor Crewmitglieder, die sich nicht an Anweisungen halten oder die Sicherheit der Veranstaltung gef\u00e4hrden, von Bord zu weisen.<\/li>\n<li>Die vom Gesetzgeber g\u00fcltigen Regelung, speziell in Bezug auf Alkohol, Drogen etc. gelten uneingeschr\u00e4nkt auf der gesamten Veranstaltung. Sollten vom Gesetzgeber vor der Veranstaltung gesundheits\u00fcberpr\u00fcfen (z.B. Corona) vorgeschrieben werden, so sind diese zeitgerecht durchzuf\u00fchren.<\/li>\n<li>Der Veranstalter ist hinsichtlich seiner Leistungen (Skipper-, Haftpflicht, Schiffskaskoversicherung) versichert. Dar\u00fcber hinaus ist Kunde ist selbst f\u00fcr seine pers\u00f6nliche Versicherung (Freizeitunfall, Reisekrankenversicherung etc.) verantwortlich.<\/li>\n<li>Es gelten gleichsam f\u00fcr alle Veranstaltungen die AGB der Charterfirmen.<\/li>\n<\/ol>\n<p><strong>\u00a0<\/strong><\/p>\n<p><strong>Stornobedingungen <\/strong><\/p>\n<ol>\n<li>Bis 6 Wochen vor Veranstaltungsbeginn liegt die Stornogeb\u00fchr bei 50 Prozent des von Segelerlebnis best\u00e4tigten Aufw\u00e4nde und Preise.<\/li>\n<li>Ab 6 Wochen vor Veranstaltungsbeginn liegt die Stornogeb\u00fchr bei 100 Prozent der Vertragsvereinbarungen.<\/li>\n<li>Segelerlebnis empfiehlt daher dringend den Abschluss einer entsprechenden Reiseversicherung.<\/li>\n<li>Die Buchung kann nach Absprache mit Segelerlebnis auf andere Personen \u00fcbertragen werden, sofern diese die Vereinbarungen \u00fcbernehmen.<\/li>\n<li>Der T\u00f6rn kann unter Umst\u00e4nden (Krankheit des Instructors, Ausfall des Schiffes&#8230;) seitens Segelerlebnis abgesagt werden. Das geschieht so fr\u00fch als irgend m\u00f6glich In diesem Fall werden Kunden die Kursgeb\u00fchren, die bereits auf das Konto \u00fcberwiesen wurden zur\u00fcck \u00fcberwiesen. Die R\u00fcckzahlung umfasst nicht allf\u00e4llige andere Ausgaben (Fl\u00fcge, Anreise, Ausr\u00fcstung,&#8230;), die vom Kunden bereits get\u00e4tigt worden sind. Die Obergrenze der Retoursumme entspricht den Kosten f\u00fcr die Teilnahme am Kurs, dem T\u00f6rn oder der Veranstaltung.<\/li>\n<\/ol>\n<p><strong>Bordkassa <\/strong><\/p>\n<ol>\n<li>Die Crewmitglieder zahlen zu gleichen Teilen in die Kassa ein.<\/li>\n<li>Der Skipper zahlt nicht in die Bordkassa ein.<\/li>\n<li>Aus der Bordkassa werden alle (!) gemeinsam zu tragenden Kosten f\u00fcr den T\u00f6rn, die Trainings \u00fcbernommen. Dazu z\u00e4hlen Schiffsdiesel, Liegegeb\u00fchren, Verpflegung an Bord (nicht Spirituosen), der Ersatz von verlorenen Ausr\u00fcstungsgegenst\u00e4nden, kleine Reparaturen (soweit sie nicht von der Versicherung \u00fcbernommen werden), Permits in Nationalparks,&#8230;<\/li>\n<\/ol>\n<p>&nbsp;<\/p>\n<p><strong>Zahlungsbedingungen und -m\u00f6glichkeiten <\/strong><\/p>\n<ol>\n<li>Bei Buchung werden 50 % des von Segelerlebnis best\u00e4tigten Preises f\u00e4llig.<\/li>\n<li>Wird der Betrag nicht innerhalb 14 Tagen nach der Zusage \u00fcberwiesen, kann die Reservierung seitens Segelerlebnis widerrufen werden.<\/li>\n<li>Sp\u00e4testens 6 Wochen vor Veranstaltungsbeginn ist die Restzahlung f\u00e4llig.<\/li>\n<li>Sie bekommen von Segelerlebnis eine Rechnung in PDF-Format. Die Art der Bezahlung kann nach Belieben gew\u00e4hlt werden. Es muss jedoch sichergestellt sein, dass die Auszahlung innerhalb der Fristen erfolgt.<\/li>\n<li>Es empfiehlt sich eine Kopie der \u00dcberweisung an Segelerlebnis per Mail zu senden.<\/li>\n<li>Um den \u00dcberblick der offenen Zahlungen und Fristen nicht zu \u00fcbersehen, empfiehlt es sich die Termine inkl. Fristen in einem pers\u00f6nlichen Kalender zu \u00fcberwachen.<\/li>\n<\/ol>\n<p>[\/et_pb_blurb][et_pb_text _builder_version=&#8221;4.23.1&#8243; _module_preset=&#8221;default&#8221; hover_enabled=&#8221;0&#8243; sticky_enabled=&#8221;0&#8243;]<\/p>\n<h2>Segelerlebnis und Segelerlebnis-Akademie ist eine Marke von Mayr-Consulting<\/h2>\n<p>Pallenbergstrasse 35 A- 1130 Wien<br \/>office@mayr-consulting.at<br \/>+43 (0) 664\/123 1455<\/p>\n<p>UID: ATU67662326<\/p>\n<p>[\/et_pb_text][\/et_pb_column][\/et_pb_row][\/et_pb_section]<\/p>\n","protected":false},"excerpt":{"rendered":"<p>Gerald Mayr, MBA, MScRYA Yacht Master Offshore com.end.RYA Cruising Instructor for SailAusbildungsunternehmen des \u00d6sterrereichsichen Segelverbandes Pallenbergstrasse 35 A- 1130 Wienoffice@mayr-consulting.at+43 (0) 664\/123 1455 UID: ATU67662326 AGB &#8211; Segelerlebnis Bedingungen Mit [&hellip;]<\/p>\n","protected":false},"author":2,"featured_media":0,"parent":0,"menu_order":0,"comment_status":"closed","ping_status":"closed","template":"","meta":{"_et_pb_use_builder":"on","_et_pb_old_content":"","_et_gb_content_width":"","footnotes":""},"class_list":["post-1922","page","type-page","status-publish","hentry"],"_links":{"self":[{"href":"https:\/\/segelerlebnis-akademie.at\/en\/wp-json\/wp\/v2\/pages\/1922","targetHints":{"allow":["GET"]}}],"collection":[{"href":"https:\/\/segelerlebnis-akademie.at\/en\/wp-json\/wp\/v2\/pages"}],"about":[{"href":"https:\/\/segelerlebnis-akademie.at\/en\/wp-json\/wp\/v2\/types\/page"}],"author":[{"embeddable":true,"href":"https:\/\/segelerlebnis-akademie.at\/en\/wp-json\/wp\/v2\/users\/2"}],"replies":[{"embeddable":true,"href":"https:\/\/segelerlebnis-akademie.at\/en\/wp-json\/wp\/v2\/comments?post=1922"}],"version-history":[{"count":3,"href":"https:\/\/segelerlebnis-akademie.at\/en\/wp-json\/wp\/v2\/pages\/1922\/revisions"}],"predecessor-version":[{"id":1927,"href":"https:\/\/segelerlebnis-akademie.at\/en\/wp-json\/wp\/v2\/pages\/1922\/revisions\/1927"}],"wp:attachment":[{"href":"https:\/\/segelerlebnis-akademie.at\/en\/wp-json\/wp\/v2\/media?parent=1922"}],"curies":[{"name":"wp","href":"https:\/\/api.w.org\/{rel}","templated":true}]}}